{"id":91890,"date":"2018-05-11T09:41:13","date_gmt":"2018-05-11T13:41:13","guid":{"rendered":"https:\/\/www.samaritanspurse.org\/?page_id=91890"},"modified":"2018-05-11T10:46:31","modified_gmt":"2018-05-11T14:46:31","slug":"decision-america-event-signup-confirmation","status":"publish","type":"page","link":"https:\/\/samaritanspurse.org\/es\/decision-america-event-signup-confirmation\/","title":{"rendered":"Decision America Event Signup Confirmation"},"content":{"rendered":"<div class=\"form-wrapper\">\r\n\r\n    <div class=\"form-leftside\">\r\n        <div>\r\n\t\t\r\n                <div class=\"video1\" id=\"video1\" style=\"position: relative; display: block;\">\r\n                    <div style=\"padding-top: 56.25%;\">\r\n                        <iframe loading=\"lazy\" src=\"https:\/\/players.sardius.media\/82aD088d0aAbEF4\/dotorg\/asset\/0wNnV0ZjqsGFqLjr_f4vsDeum2sKXJkK\" allowfullscreen=\"\" allow=\"encrypted-media\" style=\"position: absolute; top: 0px; right: 0px; bottom: 0px; left: 0px; width: 100%; height: 100%;border:0;\"><\/iframe>\r\n                    <\/div>\r\n                <\/div>\r\n                <noscript>\r\n                        <div>Please enable Javascript to watch this video<\/div>\r\n                <\/noscript>\r\n        <\/div>\r\n        <div class=\"leftside-words\">\r\n        \tReg\u00edstrate para recibir correos electr\u00f3nicos  actualizados sobre el trabajo de Samaritan's Purse, peticiones de oraci\u00f3n y oportunidades de voluntariado.\r\n        <\/div>\r\n    <\/div>\r\n    \r\n    <div class=\"form-rightside\">\r\n    \t Thank You, your form has been submitted. \r\n    <\/div>\r\n\r\n \t<div class=\"leftside-logo\">\r\n        \t<img decoding=\"async\" src=\"https:\/\/s3.theark.cloud\/sp-comm-arkfiles\/legacy\/sp-genesis-assets\/conference_data_capture\/sp_logo.png\" \/>\r\n    <\/div>        \r\n\r\n\r\n<\/div>","protected":false},"excerpt":{"rendered":"Sign up to receive email updates on the work of Samaritan&#8217;s Purse, prayer alerts, and volunteer opportunities. Thank You, your form has been submitted","protected":false},"author":19,"featured_media":0,"parent":0,"menu_order":0,"comment_status":"closed","ping_status":"closed","template":"single-post-templates\/single-sp-landing-pages-tabula-rasa.php","meta":{"_relevanssi_hide_post":"","_relevanssi_hide_content":"","_relevanssi_pin_for_all":"","_relevanssi_pin_keywords":"","_relevanssi_unpin_keywords":"","_relevanssi_related_keywords":"","_relevanssi_related_include_ids":"","_relevanssi_related_exclude_ids":"","_relevanssi_related_no_append":"","_relevanssi_related_not_related":"","_relevanssi_related_posts":"","_relevanssi_noindex_reason":"","footnotes":"","_links_to":"","_links_to_target":""},"class_list":["post-91890","page","type-page","status-publish","hentry","entry"],"_links":{"self":[{"href":"https:\/\/samaritanspurse.org\/es\/wp-json\/wp\/v2\/pages\/91890","targetHints":{"allow":["GET"]}}],"collection":[{"href":"https:\/\/samaritanspurse.org\/es\/wp-json\/wp\/v2\/pages"}],"about":[{"href":"https:\/\/samaritanspurse.org\/es\/wp-json\/wp\/v2\/types\/page"}],"author":[{"embeddable":true,"href":"https:\/\/samaritanspurse.org\/es\/wp-json\/wp\/v2\/users\/19"}],"replies":[{"embeddable":true,"href":"https:\/\/samaritanspurse.org\/es\/wp-json\/wp\/v2\/comments?post=91890"}],"version-history":[{"count":5,"href":"https:\/\/samaritanspurse.org\/es\/wp-json\/wp\/v2\/pages\/91890\/revisions"}],"predecessor-version":[{"id":91898,"href":"https:\/\/samaritanspurse.org\/es\/wp-json\/wp\/v2\/pages\/91890\/revisions\/91898"}],"wp:attachment":[{"href":"https:\/\/samaritanspurse.org\/es\/wp-json\/wp\/v2\/media?parent=91890"}],"curies":[{"name":"wp","href":"https:\/\/api.w.org\/{rel}","templated":true}]}}